{"id":227,"date":"2020-03-27T09:06:04","date_gmt":"2020-03-27T08:06:04","guid":{"rendered":"http:\/\/2020.monika-leoni.fr\/?page_id=227"},"modified":"2020-03-30T11:08:50","modified_gmt":"2020-03-30T09:08:50","slug":"mentions-legales","status":"publish","type":"page","link":"https:\/\/www.monika-leoni.fr\/index.php\/mentions-legales\/","title":{"rendered":"Mentions l\u00e9gales"},"content":{"rendered":"<p>[et_pb_section fb_built=\u00a0\u00bb1&Prime; _builder_version=\u00a0\u00bb4.4.1&Prime;][et_pb_row _builder_version=\u00a0\u00bb4.4.1&Prime;][et_pb_column type=\u00a0\u00bb4_4&Prime; _builder_version=\u00a0\u00bb4.4.1&Prime;][et_pb_text _builder_version=\u00a0\u00bb4.4.1&Prime; hover_enabled=\u00a0\u00bb0&Prime;]<\/p>\n<div class=\"page-header\" style=\"background-attachment: scroll; background-clip: border-box; background-color: transparent; background-image: none; background-origin: padding-box; background-position-x: 0%; background-position-y: 0%; background-repeat: repeat; background-size: auto; border-image-outset: 0; border-image-repeat: stretch; border-image-slice: 100%; border-image-source: none; border-image-width: 1; box-sizing: border-box; color: #333333; font-family: &amp;quot; quicksand&amp;quot;,helvetica,arial,lucida,sans-serif; font-size: 100%; font-style: normal; font-variant: normal; font-weight: 400; letter-spacing: normal; -ms-text-size-adjust: 100%; orphans: 2; outline-color: invert; outline-style: none; outline-width: 0px; text-align: left; text-decoration: none; text-indent: 0px; text-transform: none; vertical-align: baseline; -webkit-text-stroke-width: 0px; white-space: normal; word-spacing: 0px; padding: 0px; margin: 0px; border: 0px none currentColor;\"><\/div>\n<div style=\"background-attachment: scroll; background-clip: border-box; background-color: transparent; background-image: none; background-origin: padding-box; background-position-x: 0%; background-position-y: 0%; background-repeat: repeat; background-size: auto; border-image-outset: 0; border-image-repeat: stretch; border-image-slice: 100%; border-image-source: none; border-image-width: 1; box-sizing: border-box; color: #333333; font-family: &amp;quot; quicksand&amp;quot;,helvetica,arial,lucida,sans-serif; font-size: 100%; font-style: normal; font-variant: normal; font-weight: 400; letter-spacing: normal; -ms-text-size-adjust: 100%; orphans: 2; outline-color: invert; outline-style: none; outline-width: 0px; text-align: left; text-decoration: none; text-indent: 0px; text-transform: none; vertical-align: baseline; -webkit-text-stroke-width: 0px; white-space: normal; word-spacing: 0px; padding: 0px; margin: 0px; border: 0px none currentColor;\" itemprop=\"articleBody\">\n<p><strong>Mentions l\u00e9gales<\/strong><br \/> www.monika-leoni.fr<br \/> Monika L\u00e9oni Gosciewska<br \/> Artistre peintre g\u00e9n\u00e9alogiste<br \/> Adresse : 62, rue Beaumarchais &#8211; 75011 PARIS<br \/> T\u00e9l\u00e9phone : 06 17 82 90 32<\/p>\n<p>Directeur de la publication : Monika L\u00e9oni Gosciewska<br \/> Photos : Monika L\u00e9oni Gosciewska<br \/> Conception &amp; R\u00e9alisation :<br \/> Camelance communication, 82 rue Virgile, 62100 &#8211; Calais<br \/> T\u00e9l : 06 70 56 59 55<br \/> E-mail : http:\/\/www.camelance.fr\/contact.html<br \/> www.camelance.fr<br \/> H\u00e9bergement : OVH SAS &#8211; RCS Roubaix &#8211; N\u00b0 TVA : FR 22 424 761 419<\/p>\n<p><strong>Commentaires, remarques et suggestions<\/strong><br \/> Monika L\u00e9oni Gosciewska ne garantit pas que ce site soit exempt de d\u00e9faut, d\u2019erreur ou d\u2019omission. L\u2019information qui y est contenue est destin\u00e9e \u00e0 vous apporter des indications g\u00e9n\u00e9rales et les mieux actualis\u00e9es possibles sur les sujets trait\u00e9s.<br \/> Monika L\u00e9oni Gosciewska ne saurait en aucun cas \u00eatre tenue responsable des \u00e9ventuels d\u00e9fauts, erreurs ou omissions existant sur ce site, ni de l\u2019utilisation et de l\u2019interpr\u00e9tation de l\u2019information qu\u2019il contient.<\/p>\n<p>La pr\u00e9sente clause de r\u00e9serve juridique n\u2019a pas pour objet de limiter la responsabilit\u00e9 Monika L\u00e9oni Gosciewska de mani\u00e8re contraire \u00e0 la l\u00e9gislation nationale applicable ni de l\u2019exclure dans les cas o\u00f9 elle peut \u00eatre engag\u00e9e en vertu de ladite l\u00e9gislation.<br \/> Pour toute suggestion, contactez Monika L\u00e9oni Gosciewska.<br \/> Etablissement de liens vers <a href=\"http:\/\/www.monika-leoni.fr\">www.monika-leoni.fr<\/a><\/p>\n<p>Le site de Monika L\u00e9oni Gosciewska autorise tout site Internet ou tout autre support \u00e0 le citer ou \u00e0 mettre en place un lien hypertexte pointant vers son contenu, sous r\u00e9serve :<br \/> que la page atteinte ne soit pas imbriqu\u00e9e \u00e0 l\u2019int\u00e9rieur d\u2019autres pages, en particulier par voie de cadre (ou \u00ab frames \u00bb) c\u2019est-\u00e0-dire que les pages du site www.monika-leoni.fr ne soient pas imbriqu\u00e9es \u00e0 l\u2019int\u00e9rieur des pages d\u2019un autre site, mais accessibles par l\u2019ouverture d\u2019une fen\u00eatre, que l\u2019acc\u00e8s aux pages contenant ces liens vers le site www.monika-leoni.fr soit gratuit.<\/p>\n<p>Cette autorisation ne s\u2019applique pas aux sites diffusant des informations \u00e0 caract\u00e8re pol\u00e9mique, pornographique, x\u00e9nophobe, ET pouvant, dans une plus large mesure porter atteinte \u00e0 la sensibilit\u00e9 du public.<br \/> Monika L\u00e9oni Gosciewska se r\u00e9serve le droit de demander la suppression d\u2019un lien qu\u2019elle estime non conforme \u00e0 sa ligne \u00e9ditoriale.<\/p>\n<p><strong>Etablissement de liens vers des sites tiers<\/strong><br \/> Monika L\u00e9oni Gosciewska n\u2019est pas responsable des contenus des sites tiers vers lesquels sont \u00e9tablis des liens depuis son site.<br \/> Droits d&rsquo;auteurs et propri\u00e9t\u00e9 intellectuelle<br \/> Le pr\u00e9sent site constitue une \u0153uvre de Camelance communication est l\u2019auteur au sens des articles L.111-1 et suivants du Code de la propri\u00e9t\u00e9 intellectuelle.<br \/> Sauf autorisation \u00e9crite de Camelance communication, toute utilisation des \u0153uvres autres que la reproduction et la consultation individuelles et priv\u00e9es, conformes \u00e0 l\u2019article L.122-5 du Code de la propri\u00e9t\u00e9 intellectuelle, est interdite. En aucun cas, ces reproductions ne sauraient porter pr\u00e9judice aux droits des tiers.<\/p>\n<p><strong>Logotype de Monika L\u00e9oni Gosciewska<\/strong><br \/> Monika L\u00e9oni Gosciewska se r\u00e9serve le droit d\u2019approuver ou de d\u00e9sapprouver toute utilisation de son logo.<br \/> Cr\u00e9dits photographiques<br \/> Toutes les photographies pr\u00e9sent\u00e9es sur ce site sont prot\u00e9g\u00e9es par le Code de la propri\u00e9t\u00e9 intellectuelle et artistique.<br \/> Elles peuvent \u00eatre reproduites \u00e0 condition d\u2019avoir obtenu l\u2019autorisation de Monika L\u00e9oni Gosciewska, d&rsquo;en indiquer l&rsquo;auteur et la source.<br \/> Ces demandes doivent \u00eatre adress\u00e9e \u00e0 : se rendre \u00e0 la page contact<br \/> Sauf directement sp\u00e9cifi\u00e9 sous les photos du site, les cr\u00e9dits photographiques sont : Monika L\u00e9oni Gosciewska<\/p>\n<p><strong>Protection des donn\u00e9es personnelles, confidentialit\u00e9<\/strong><br \/> Aucune information personnelle n\u2019est collect\u00e9e \u00e0 votre insu, ni c\u00e9d\u00e9e \u00e0 des tiers<br \/> Pour l&rsquo;exercer, adressez-vous \u00e0 Monika L\u00e9oni Gosciewska<br \/> H\u00e9bergement : OVH SAS &#8211; RCS Roubaix &#8211; N\u00b0 TVA : FR 22 424 761 419<br \/> Adresse postale : 2 rue Kellermann &#8211; 59100 Roubaix &#8211; France.<br \/> T\u00e9l . : 08 203 203 63<br \/> http:\/\/www.ovh.com<\/p>\n<\/div>\n<p>[\/et_pb_text][\/et_pb_column][\/et_pb_row][\/et_pb_section]<\/p>\n","protected":false},"excerpt":{"rendered":"<p>Mentions l\u00e9gales www.monika-leoni.fr Monika L\u00e9oni Gosciewska Artistre peintre g\u00e9n\u00e9alogiste Adresse : 62, rue Beaumarchais &#8211; 75011 PARIS T\u00e9l\u00e9phone : 06 17 82 90 32 Directeur de la publication : Monika L\u00e9oni Gosciewska Photos : Monika L\u00e9oni Gosciewska Conception &amp; R\u00e9alisation : Camelance communication, 82 rue Virgile, 62100 &#8211; Calais T\u00e9l : 06 70 56 59 [&hellip;]<\/p>\n","protected":false},"author":1,"featured_media":0,"parent":0,"menu_order":0,"comment_status":"closed","ping_status":"closed","template":"","meta":{"_et_pb_use_builder":"on","_et_pb_old_content":"<!-- wp:divi\/placeholder \/-->","_et_gb_content_width":"","footnotes":""},"_links":{"self":[{"href":"https:\/\/www.monika-leoni.fr\/index.php\/wp-json\/wp\/v2\/pages\/227"}],"collection":[{"href":"https:\/\/www.monika-leoni.fr\/index.php\/wp-json\/wp\/v2\/pages"}],"about":[{"href":"https:\/\/www.monika-leoni.fr\/index.php\/wp-json\/wp\/v2\/types\/page"}],"author":[{"embeddable":true,"href":"https:\/\/www.monika-leoni.fr\/index.php\/wp-json\/wp\/v2\/users\/1"}],"replies":[{"embeddable":true,"href":"https:\/\/www.monika-leoni.fr\/index.php\/wp-json\/wp\/v2\/comments?post=227"}],"version-history":[{"count":4,"href":"https:\/\/www.monika-leoni.fr\/index.php\/wp-json\/wp\/v2\/pages\/227\/revisions"}],"predecessor-version":[{"id":273,"href":"https:\/\/www.monika-leoni.fr\/index.php\/wp-json\/wp\/v2\/pages\/227\/revisions\/273"}],"wp:attachment":[{"href":"https:\/\/www.monika-leoni.fr\/index.php\/wp-json\/wp\/v2\/media?parent=227"}],"curies":[{"name":"wp","href":"https:\/\/api.w.org\/{rel}","templated":true}]}}